{"id":16804,"date":"2022-01-07T11:46:01","date_gmt":"2022-01-07T09:46:01","guid":{"rendered":"https:\/\/www.sabarot.com\/actualites-et-recettes\/recipes\/"},"modified":"2026-05-04T10:28:43","modified_gmt":"2026-05-04T08:28:43","slug":"recipes","status":"publish","type":"page","link":"https:\/\/www.sabarot.com\/actualites-et-recettes\/en\/","title":{"rendered":"Recipes"},"content":{"rendered":"<p>[et_pb_section fb_built=&#8221;1&#8243; theme_builder_area=&#8221;post_content&#8221; _builder_version=&#8221;4.17.6&#8243; _module_preset=&#8221;default&#8221;][\/et_pb_section]<\/p>\n","protected":false},"excerpt":{"rendered":"","protected":false},"author":3,"featured_media":0,"parent":0,"menu_order":0,"comment_status":"closed","ping_status":"closed","template":"page-template-blog-feed.php","meta":{"_et_pb_use_builder":"on","_et_pb_old_content":"","_et_gb_content_width":"","footnotes":""},"class_list":["post-16804","page","type-page","status-publish","hentry"],"yoast_head":"<!-- This site is optimized with the Yoast SEO plugin v27.5 - https:\/\/yoast.com\/product\/yoast-seo-wordpress\/ -->\n<title>Recipes - Sabarot - Des produits bons, sains, naturels<\/title>\n<meta name=\"description\" content=\"You don&#039;t know how to cook cereals or legumes ? We thought of you. Stock up on recipe ideas!\" \/>\n<meta name=\"robots\" content=\"index, follow, max-snippet:-1, max-image-preview:large, max-video-preview:-1\" \/>\n<link rel=\"canonical\" href=\"https:\/\/www.sabarot.com\/actualites-et-recettes\/en\/\" \/>\n<meta property=\"og:locale\" content=\"en_US\" \/>\n<meta property=\"og:type\" content=\"article\" \/>\n<meta property=\"og:title\" content=\"Recipes - Sabarot - Des produits bons, sains, naturels\" \/>\n<meta property=\"og:description\" content=\"You don&#039;t know how to cook cereals or legumes ? We thought of you. Stock up on recipe ideas!\" \/>\n<meta property=\"og:url\" content=\"https:\/\/www.sabarot.com\/actualites-et-recettes\/en\/\" \/>\n<meta property=\"og:site_name\" content=\"Sabarot - Des produits bons, sains, naturels\" \/>\n<meta property=\"article:publisher\" content=\"https:\/\/www.facebook.com\/sabarot.wassner\" \/>\n<meta property=\"article:modified_time\" content=\"2026-05-04T08:28:43+00:00\" \/>\n<script type=\"application\/ld+json\" class=\"yoast-schema-graph\">{\"@context\":\"https:\\\/\\\/schema.org\",\"@graph\":[{\"@type\":\"WebPage\",\"@id\":\"https:\\\/\\\/www.sabarot.com\\\/actualites-et-recettes\\\/en\\\/\",\"url\":\"https:\\\/\\\/www.sabarot.com\\\/actualites-et-recettes\\\/en\\\/\",\"name\":\"Recipes - Sabarot - Des produits bons, sains, naturels\",\"isPartOf\":{\"@id\":\"https:\\\/\\\/www.sabarot.com\\\/actualites-et-recettes\\\/en\\\/#website\"},\"datePublished\":\"2022-01-07T09:46:01+00:00\",\"dateModified\":\"2026-05-04T08:28:43+00:00\",\"description\":\"You don't know how to cook cereals or legumes ? We thought of you. Stock up on recipe ideas!\",\"breadcrumb\":{\"@id\":\"https:\\\/\\\/www.sabarot.com\\\/actualites-et-recettes\\\/en\\\/#breadcrumb\"},\"inLanguage\":\"en-US\",\"potentialAction\":[{\"@type\":\"ReadAction\",\"target\":[\"https:\\\/\\\/www.sabarot.com\\\/actualites-et-recettes\\\/en\\\/\"]}]},{\"@type\":\"BreadcrumbList\",\"@id\":\"https:\\\/\\\/www.sabarot.com\\\/actualites-et-recettes\\\/en\\\/#breadcrumb\",\"itemListElement\":[{\"@type\":\"ListItem\",\"position\":1,\"name\":\"Accueil\",\"item\":\"https:\\\/\\\/www.sabarot.com\\\/actualites-et-recettes\\\/en\\\/recipes\\\/\"},{\"@type\":\"ListItem\",\"position\":2,\"name\":\"Recipes\"}]},{\"@type\":\"WebSite\",\"@id\":\"https:\\\/\\\/www.sabarot.com\\\/actualites-et-recettes\\\/en\\\/#website\",\"url\":\"https:\\\/\\\/www.sabarot.com\\\/actualites-et-recettes\\\/en\\\/\",\"name\":\"Sabarot - Des produits bons, sains, naturels\",\"description\":\"Entreprise Sabarot, 43320 Chaspuzac. L\u00e9gumes secs, c\u00e9r\u00e9ales, escargots, champignons et fruits rouges depuis 1819.\",\"publisher\":{\"@id\":\"https:\\\/\\\/www.sabarot.com\\\/actualites-et-recettes\\\/en\\\/#organization\"},\"potentialAction\":[{\"@type\":\"SearchAction\",\"target\":{\"@type\":\"EntryPoint\",\"urlTemplate\":\"https:\\\/\\\/www.sabarot.com\\\/actualites-et-recettes\\\/en\\\/?s={search_term_string}\"},\"query-input\":{\"@type\":\"PropertyValueSpecification\",\"valueRequired\":true,\"valueName\":\"search_term_string\"}}],\"inLanguage\":\"en-US\"},{\"@type\":\"Organization\",\"@id\":\"https:\\\/\\\/www.sabarot.com\\\/actualites-et-recettes\\\/en\\\/#organization\",\"name\":\"Sabarot - Des produits bons, sains, naturels\",\"url\":\"https:\\\/\\\/www.sabarot.com\\\/actualites-et-recettes\\\/en\\\/\",\"logo\":{\"@type\":\"ImageObject\",\"inLanguage\":\"en-US\",\"@id\":\"https:\\\/\\\/www.sabarot.com\\\/actualites-et-recettes\\\/en\\\/#\\\/schema\\\/logo\\\/image\\\/\",\"url\":\"https:\\\/\\\/www.sabarot.com\\\/actualites-et-recettes\\\/wp-content\\\/uploads\\\/2019\\\/02\\\/logo.jpg\",\"contentUrl\":\"https:\\\/\\\/www.sabarot.com\\\/actualites-et-recettes\\\/wp-content\\\/uploads\\\/2019\\\/02\\\/logo.jpg\",\"width\":600,\"height\":491,\"caption\":\"Sabarot - Des produits bons, sains, naturels\"},\"image\":{\"@id\":\"https:\\\/\\\/www.sabarot.com\\\/actualites-et-recettes\\\/en\\\/#\\\/schema\\\/logo\\\/image\\\/\"},\"sameAs\":[\"https:\\\/\\\/www.facebook.com\\\/sabarot.wassner\",\"https:\\\/\\\/www.pinterest.fr\\\/sabarotwassner\",\"https:\\\/\\\/www.instagram.com\\\/sabarotwassner\",\"https:\\\/\\\/www.youtube.com\\\/channel\\\/UCT5L3Ea4b3B1PtDMtOCRtig\"]}]}<\/script>\n<!-- \/ Yoast SEO plugin. -->","yoast_head_json":{"title":"Recipes - Sabarot - Des produits bons, sains, naturels","description":"You don't know how to cook cereals or legumes ? We thought of you. Stock up on recipe ideas!","robots":{"index":"index","follow":"follow","max-snippet":"max-snippet:-1","max-image-preview":"max-image-preview:large","max-video-preview":"max-video-preview:-1"},"canonical":"https:\/\/www.sabarot.com\/actualites-et-recettes\/en\/","og_locale":"en_US","og_type":"article","og_title":"Recipes - Sabarot - Des produits bons, sains, naturels","og_description":"You don't know how to cook cereals or legumes ? We thought of you. Stock up on recipe ideas!","og_url":"https:\/\/www.sabarot.com\/actualites-et-recettes\/en\/","og_site_name":"Sabarot - Des produits bons, sains, naturels","article_publisher":"https:\/\/www.facebook.com\/sabarot.wassner","article_modified_time":"2026-05-04T08:28:43+00:00","schema":{"@context":"https:\/\/schema.org","@graph":[{"@type":"WebPage","@id":"https:\/\/www.sabarot.com\/actualites-et-recettes\/en\/","url":"https:\/\/www.sabarot.com\/actualites-et-recettes\/en\/","name":"Recipes - Sabarot - Des produits bons, sains, naturels","isPartOf":{"@id":"https:\/\/www.sabarot.com\/actualites-et-recettes\/en\/#website"},"datePublished":"2022-01-07T09:46:01+00:00","dateModified":"2026-05-04T08:28:43+00:00","description":"You don't know how to cook cereals or legumes ? We thought of you. Stock up on recipe ideas!","breadcrumb":{"@id":"https:\/\/www.sabarot.com\/actualites-et-recettes\/en\/#breadcrumb"},"inLanguage":"en-US","potentialAction":[{"@type":"ReadAction","target":["https:\/\/www.sabarot.com\/actualites-et-recettes\/en\/"]}]},{"@type":"BreadcrumbList","@id":"https:\/\/www.sabarot.com\/actualites-et-recettes\/en\/#breadcrumb","itemListElement":[{"@type":"ListItem","position":1,"name":"Accueil","item":"https:\/\/www.sabarot.com\/actualites-et-recettes\/en\/recipes\/"},{"@type":"ListItem","position":2,"name":"Recipes"}]},{"@type":"WebSite","@id":"https:\/\/www.sabarot.com\/actualites-et-recettes\/en\/#website","url":"https:\/\/www.sabarot.com\/actualites-et-recettes\/en\/","name":"Sabarot - Des produits bons, sains, naturels","description":"Entreprise Sabarot, 43320 Chaspuzac. L\u00e9gumes secs, c\u00e9r\u00e9ales, escargots, champignons et fruits rouges depuis 1819.","publisher":{"@id":"https:\/\/www.sabarot.com\/actualites-et-recettes\/en\/#organization"},"potentialAction":[{"@type":"SearchAction","target":{"@type":"EntryPoint","urlTemplate":"https:\/\/www.sabarot.com\/actualites-et-recettes\/en\/?s={search_term_string}"},"query-input":{"@type":"PropertyValueSpecification","valueRequired":true,"valueName":"search_term_string"}}],"inLanguage":"en-US"},{"@type":"Organization","@id":"https:\/\/www.sabarot.com\/actualites-et-recettes\/en\/#organization","name":"Sabarot - Des produits bons, sains, naturels","url":"https:\/\/www.sabarot.com\/actualites-et-recettes\/en\/","logo":{"@type":"ImageObject","inLanguage":"en-US","@id":"https:\/\/www.sabarot.com\/actualites-et-recettes\/en\/#\/schema\/logo\/image\/","url":"https:\/\/www.sabarot.com\/actualites-et-recettes\/wp-content\/uploads\/2019\/02\/logo.jpg","contentUrl":"https:\/\/www.sabarot.com\/actualites-et-recettes\/wp-content\/uploads\/2019\/02\/logo.jpg","width":600,"height":491,"caption":"Sabarot - Des produits bons, sains, naturels"},"image":{"@id":"https:\/\/www.sabarot.com\/actualites-et-recettes\/en\/#\/schema\/logo\/image\/"},"sameAs":["https:\/\/www.facebook.com\/sabarot.wassner","https:\/\/www.pinterest.fr\/sabarotwassner","https:\/\/www.instagram.com\/sabarotwassner","https:\/\/www.youtube.com\/channel\/UCT5L3Ea4b3B1PtDMtOCRtig"]}]}},"_links":{"self":[{"href":"https:\/\/www.sabarot.com\/actualites-et-recettes\/en\/wp-json\/wp\/v2\/pages\/16804","targetHints":{"allow":["GET"]}}],"collection":[{"href":"https:\/\/www.sabarot.com\/actualites-et-recettes\/en\/wp-json\/wp\/v2\/pages"}],"about":[{"href":"https:\/\/www.sabarot.com\/actualites-et-recettes\/en\/wp-json\/wp\/v2\/types\/page"}],"author":[{"embeddable":true,"href":"https:\/\/www.sabarot.com\/actualites-et-recettes\/en\/wp-json\/wp\/v2\/users\/3"}],"replies":[{"embeddable":true,"href":"https:\/\/www.sabarot.com\/actualites-et-recettes\/en\/wp-json\/wp\/v2\/comments?post=16804"}],"version-history":[{"count":5,"href":"https:\/\/www.sabarot.com\/actualites-et-recettes\/en\/wp-json\/wp\/v2\/pages\/16804\/revisions"}],"predecessor-version":[{"id":17797,"href":"https:\/\/www.sabarot.com\/actualites-et-recettes\/en\/wp-json\/wp\/v2\/pages\/16804\/revisions\/17797"}],"wp:attachment":[{"href":"https:\/\/www.sabarot.com\/actualites-et-recettes\/en\/wp-json\/wp\/v2\/media?parent=16804"}],"curies":[{"name":"wp","href":"https:\/\/api.w.org\/{rel}","templated":true}]}}