{"id":18150,"date":"2022-10-24T16:51:55","date_gmt":"2022-10-24T14:51:55","guid":{"rendered":"https:\/\/www.sabarot.com\/actualites-et-recettes\/?page_id=18150"},"modified":"2022-11-03T15:26:10","modified_gmt":"2022-11-03T13:26:10","slug":"catalog-request","status":"publish","type":"page","link":"https:\/\/www.sabarot.com\/actualites-et-recettes\/en\/catalog-request\/","title":{"rendered":"Catalog request"},"content":{"rendered":"<p>[et_pb_section fb_built=&#8221;1&#8243; _builder_version=&#8221;4.18.0&#8243; _module_preset=&#8221;default&#8221; global_colors_info=&#8221;{}&#8221;][et_pb_row column_structure=&#8221;1_3,1_3,1_3&#8243; _builder_version=&#8221;4.16&#8243; _module_preset=&#8221;default&#8221; locked=&#8221;off&#8221; global_colors_info=&#8221;{}&#8221;][et_pb_column type=&#8221;1_3&#8243; _builder_version=&#8221;4.16&#8243; _module_preset=&#8221;default&#8221; global_colors_info=&#8221;{}&#8221;][\/et_pb_column][et_pb_column type=&#8221;1_3&#8243; _builder_version=&#8221;4.16&#8243; _module_preset=&#8221;default&#8221; global_colors_info=&#8221;{}&#8221;][et_pb_image src=&#8221;\/actualites-et-recettes\/wp-content\/uploads\/2021\/12\/logo-sabarot-e1638999058440.png&#8221; title_text=&#8221;logo sabarot&#8221; _builder_version=&#8221;4.16&#8243; _module_preset=&#8221;default&#8221; global_colors_info=&#8221;{}&#8221;][\/et_pb_image][\/et_pb_column][et_pb_column type=&#8221;1_3&#8243; _builder_version=&#8221;4.16&#8243; _module_preset=&#8221;default&#8221; global_colors_info=&#8221;{}&#8221;][\/et_pb_column][\/et_pb_row][et_pb_row _builder_version=&#8221;4.16&#8243; _module_preset=&#8221;default&#8221; locked=&#8221;off&#8221; global_colors_info=&#8221;{}&#8221;][et_pb_column type=&#8221;4_4&#8243; _builder_version=&#8221;4.16&#8243; _module_preset=&#8221;default&#8221; global_colors_info=&#8221;{}&#8221;][et_pb_text _builder_version=&#8221;4.18.0&#8243; _module_preset=&#8221;default&#8221; inline_fonts=&#8221;Sabarot titre&#8221; global_colors_info=&#8221;{}&#8221;]<\/p>\n<h2 style=\"text-align: center;\"><span style=\"font-family: Sabarot titre; font-weight: normal; font-size: xx-large;\">You are a professional ?<\/span><\/h2>\n<p style=\"text-align: center;\">Fill in the form below and we will send you the catalog download link by mail.<\/p>\n<p style=\"text-align: center;\">If you need further informations, do not hesitate to ask us, our commercial department will recontact you as far as possible.<\/p>\n<p>[\/et_pb_text][et_pb_text _builder_version=&#8221;4.18.0&#8243; _module_preset=&#8221;default&#8221; locked=&#8221;off&#8221; global_colors_info=&#8221;{}&#8221;]<\/p>\n<div class=\"caldera-grid\" id=\"caldera_form_1\" data-cf-ver=\"1.9.7\" data-cf-form-id=\"CF6356a3515183d\"><div id=\"caldera_notices_1\" data-spinner=\"https:\/\/www.sabarot.com\/actualites-et-recettes\/wp-admin\/images\/spinner.gif\"><\/div><form data-instance=\"1\" class=\"CF6356a3515183d caldera_forms_form cfajax-trigger\" method=\"POST\" enctype=\"multipart\/form-data\" id=\"CF6356a3515183d_1\" data-form-id=\"CF6356a3515183d\" aria-label=\"Demande de catalogue EN\" data-target=\"#caldera_notices_1\" data-template=\"#cfajax_CF6356a3515183d-tmpl\" data-cfajax=\"CF6356a3515183d\" data-load-element=\"_parent\" data-load-class=\"cf_processing\" data-post-disable=\"0\" data-action=\"cf_process_ajax_submit\" data-request=\"https:\/\/www.sabarot.com\/actualites-et-recettes\/en\/\/cf-api\/CF6356a3515183d\" data-hiderows=\"true\">\r\n<input type=\"hidden\" id=\"_cf_verify_CF6356a3515183d\" name=\"_cf_verify\" value=\"9d57f68e1e\"  data-nonce-time=\"1778512866\" \/><input type=\"hidden\" name=\"_wp_http_referer\" value=\"\/actualites-et-recettes\/en\/wp-json\/wp\/v2\/pages\/18150\" \/><div id=\"cf2-CF6356a3515183d_1\"><\/div><input type=\"hidden\" name=\"_cf_frm_id\" value=\"CF6356a3515183d\">\r\n<input type=\"hidden\" name=\"_cf_frm_ct\" value=\"1\">\r\n<input type=\"hidden\" name=\"cfajax\" value=\"CF6356a3515183d\">\r\n<input type=\"hidden\" name=\"_cf_cr_pst\" value=\"18150\">\r\n<div class=\"hide\" style=\"display:none; overflow:hidden;height:0;width:0;\">\r\n<label>Company<\/label><input type=\"text\" name=\"company\" value=\"\" autocomplete=\"off\">\r\n<\/div><div id=\"CF6356a3515183d_1-row-1\"  class=\"row  first_row\"><div  class=\"col-sm-12  single\"><div class=\"\"><p style=\"text-align: center;\"><span style=\"font-family: laurie; font-size: x-large;\">You want to know more about our wide range of products, our packaging, ask our catalog for free !<\/span><\/p>\n<p style=\"text-align: center;\"><span style=\"font-family: laurie; font-size: x-large;\">Give us your contact details.<\/span><\/p>\n<hr>\n<\/div><\/div><\/div><div id=\"CF6356a3515183d_1-row-2\"  class=\"row \"><div  class=\"col-sm-4  first_col\"><div data-field-wrapper=\"fld_8768091\" class=\"form-group\" id=\"fld_8768091_1-wrap\">\r\n\t<label id=\"fld_8768091Label\" for=\"fld_8768091_1\" class=\"control-label\">First name <span aria-hidden=\"true\" role=\"presentation\" class=\"field_required\" style=\"color:#ee0000;\">*<\/span><\/label>\r\n\t<div class=\"\">\r\n\t\t<input   required type=\"text\" data-field=\"fld_8768091\" class=\" form-control\" id=\"fld_8768091_1\" name=\"fld_8768091\" value=\"\" data-type=\"text\" aria-required=\"true\"   aria-labelledby=\"fld_8768091Label\" >\t\t\t<\/div>\r\n<\/div>\r\n<div data-field-wrapper=\"fld_9095047\" class=\"form-group\" id=\"fld_9095047_1-wrap\">\r\n\t<label id=\"fld_9095047Label\" for=\"fld_9095047_1\" class=\"control-label\">Company name<\/label>\r\n\t<div class=\"\">\r\n\t\t<input    type=\"text\" data-field=\"fld_9095047\" class=\" form-control\" id=\"fld_9095047_1\" name=\"fld_9095047\" value=\"\" data-type=\"text\"   aria-labelledby=\"fld_9095047Label\" >\t\t\t<\/div>\r\n<\/div>\r\n<\/div><div  class=\"col-sm-4 \"><div data-field-wrapper=\"fld_9970286\" class=\"form-group\" id=\"fld_9970286_1-wrap\">\r\n\t<label id=\"fld_9970286Label\" for=\"fld_9970286_1\" class=\"control-label\">Surname <span aria-hidden=\"true\" role=\"presentation\" class=\"field_required\" style=\"color:#ee0000;\">*<\/span><\/label>\r\n\t<div class=\"\">\r\n\t\t<input   required type=\"text\" data-field=\"fld_9970286\" class=\" form-control\" id=\"fld_9970286_1\" name=\"fld_9970286\" value=\"\" data-type=\"text\" aria-required=\"true\"   aria-labelledby=\"fld_9970286Label\" >\t\t\t<\/div>\r\n<\/div>\r\n<\/div><div  class=\"col-sm-4  last_col\"><div data-field-wrapper=\"fld_6009157\" class=\"form-group\" id=\"fld_6009157_1-wrap\">\r\n\t<label id=\"fld_6009157Label\" for=\"fld_6009157_1\" class=\"control-label\">E-mail <span aria-hidden=\"true\" role=\"presentation\" class=\"field_required\" style=\"color:#ee0000;\">*<\/span><\/label>\r\n\t<div class=\"\">\r\n\t\t<input   required type=\"email\" data-field=\"fld_6009157\" class=\" form-control\" id=\"fld_6009157_1\" name=\"fld_6009157\" value=\"\" data-type=\"email\" aria-required=\"true\"   aria-labelledby=\"fld_6009157Label\" >\t\t\t<\/div>\r\n<\/div>\r\n<\/div><\/div><div id=\"CF6356a3515183d_1-row-3\"  class=\"row \"><div  class=\"col-sm-12  single\"><div class=\"\"><p style=\"text-align: center;\"><span style=\"font-family: laurie; font-size: x-large;\">You have a specific request or you want to be recontacted by our commercial department ?<\/h2>\n<p style=\"text-align: center;\"><span\n\n<p>Do not hesitate to ask a question or to leave a comment here.<\/p>\n<hr>\n<\/div><div data-field-wrapper=\"fld_7683514\" class=\"form-group\" id=\"fld_7683514_1-wrap\">\r\n\t<label id=\"fld_7683514Label\" for=\"fld_7683514_1\" class=\"control-label\">Comments\/questions <span aria-hidden=\"true\" role=\"presentation\" class=\"field_required\" style=\"color:#ee0000;\">*<\/span><\/label>\r\n\t<div class=\"\">\r\n\t\t<textarea name=\"fld_7683514\" value=\"\" data-field=\"fld_7683514\" class=\"form-control\" id=\"fld_7683514_1\" rows=\"7\"  required=\"required\"  aria-labelledby=\"fld_7683514Label\" ><\/textarea>\n\t\t\t<\/div>\r\n<\/div>\r\n<\/div><\/div><div id=\"CF6356a3515183d_1-row-4\"  class=\"row  last_row\"><div  class=\"col-sm-12  single\"><div data-field-wrapper=\"fld_7908577\" class=\"form-group\" id=\"fld_7908577_1-wrap\">\r\n<div class=\"\">\r\n\t<input  class=\"btn btn-default\" type=\"submit\" name=\"fld_7908577\" id=\"fld_7908577_1\" value=\"Submit\" data-field=\"fld_7908577\"  >\n<\/div>\r\n<\/div>\r\n\t<input class=\"button_trigger_1\" type=\"hidden\" name=\"fld_7908577\" id=\"fld_7908577_1_btn\" value=\"\" data-field=\"fld_7908577\"  \/>\n<\/div><\/div><\/form>\r\n<\/div>\r\n\n<p>[\/et_pb_text][\/et_pb_column][\/et_pb_row][\/et_pb_section]<\/p>\n","protected":false},"excerpt":{"rendered":"<p>You are a professional ? Fill in the form below and we will send you the catalog download link by mail. If you need further informations, do not hesitate to ask us, our commercial department will recontact you as far as possible.<div class=\"caldera-grid\" id=\"caldera_form_2\" data-cf-ver=\"1.9.7\" data-cf-form-id=\"CF6356a3515183d\"><div id=\"caldera_notices_2\" data-spinner=\"https:\/\/www.sabarot.com\/actualites-et-recettes\/wp-admin\/images\/spinner.gif\"><\/div><form data-instance=\"2\" class=\"CF6356a3515183d caldera_forms_form cfajax-trigger\" method=\"POST\" enctype=\"multipart\/form-data\" id=\"CF6356a3515183d_2\" data-form-id=\"CF6356a3515183d\" aria-label=\"Demande de catalogue EN\" data-target=\"#caldera_notices_2\" data-template=\"#cfajax_CF6356a3515183d-tmpl\" data-cfajax=\"CF6356a3515183d\" data-load-element=\"_parent\" data-load-class=\"cf_processing\" data-post-disable=\"0\" data-action=\"cf_process_ajax_submit\" data-request=\"https:\/\/www.sabarot.com\/actualites-et-recettes\/en\/\/cf-api\/CF6356a3515183d\" data-hiderows=\"true\">\r\n<input type=\"hidden\" id=\"_cf_verify_CF6356a3515183d\" name=\"_cf_verify\" value=\"9d57f68e1e\"  data-nonce-time=\"1778512867\" \/><input type=\"hidden\" name=\"_wp_http_referer\" value=\"\/actualites-et-recettes\/en\/wp-json\/wp\/v2\/pages\/18150\" \/><div id=\"cf2-CF6356a3515183d_2\"><\/div><input type=\"hidden\" name=\"_cf_frm_id\" value=\"CF6356a3515183d\">\r\n<input type=\"hidden\" name=\"_cf_frm_ct\" value=\"2\">\r\n<input type=\"hidden\" name=\"cfajax\" value=\"CF6356a3515183d\">\r\n<input type=\"hidden\" name=\"_cf_cr_pst\" value=\"18150\">\r\n<div class=\"hide\" style=\"display:none; overflow:hidden;height:0;width:0;\">\r\n<label>Url<\/label><input type=\"text\" name=\"url\" value=\"\" autocomplete=\"off\">\r\n<\/div><div id=\"CF6356a3515183d_2-row-1\"  class=\"row  first_row\"><div  class=\"col-sm-12  single\"><div class=\"\"><p style=\"text-align: center;\"><span style=\"font-family: laurie; font-size: x-large;\">You want to know more about our wide range of products, our packaging, ask our catalog for free !<\/span><\/p>\n<p style=\"text-align: center;\"><span style=\"font-family: laurie; font-size: x-large;\">Give us your contact details.<\/span><\/p>\n<hr>\n<\/div><\/div><\/div><div id=\"CF6356a3515183d_2-row-2\"  class=\"row \"><div  class=\"col-sm-4  first_col\"><div data-field-wrapper=\"fld_8768091\" class=\"form-group\" id=\"fld_8768091_2-wrap\">\r\n\t<label id=\"fld_8768091Label\" for=\"fld_8768091_2\" class=\"control-label\">First name <span aria-hidden=\"true\" role=\"presentation\" class=\"field_required\" style=\"color:#ee0000;\">*<\/span><\/label>\r\n\t<div class=\"\">\r\n\t\t<input   required type=\"text\" data-field=\"fld_8768091\" class=\" form-control\" id=\"fld_8768091_2\" name=\"fld_8768091\" value=\"\" data-type=\"text\" aria-required=\"true\"   aria-labelledby=\"fld_8768091Label\" >\t\t\t<\/div>\r\n<\/div>\r\n<div data-field-wrapper=\"fld_9095047\" class=\"form-group\" id=\"fld_9095047_2-wrap\">\r\n\t<label id=\"fld_9095047Label\" for=\"fld_9095047_2\" class=\"control-label\">Company name<\/label>\r\n\t<div class=\"\">\r\n\t\t<input    type=\"text\" data-field=\"fld_9095047\" class=\" form-control\" id=\"fld_9095047_2\" name=\"fld_9095047\" value=\"\" data-type=\"text\"   aria-labelledby=\"fld_9095047Label\" >\t\t\t<\/div>\r\n<\/div>\r\n<\/div><div  class=\"col-sm-4 \"><div data-field-wrapper=\"fld_9970286\" class=\"form-group\" id=\"fld_9970286_2-wrap\">\r\n\t<label id=\"fld_9970286Label\" for=\"fld_9970286_2\" class=\"control-label\">Surname <span aria-hidden=\"true\" role=\"presentation\" class=\"field_required\" style=\"color:#ee0000;\">*<\/span><\/label>\r\n\t<div class=\"\">\r\n\t\t<input   required type=\"text\" data-field=\"fld_9970286\" class=\" form-control\" id=\"fld_9970286_2\" name=\"fld_9970286\" value=\"\" data-type=\"text\" aria-required=\"true\"   aria-labelledby=\"fld_9970286Label\" >\t\t\t<\/div>\r\n<\/div>\r\n<\/div><div  class=\"col-sm-4  last_col\"><div data-field-wrapper=\"fld_6009157\" class=\"form-group\" id=\"fld_6009157_2-wrap\">\r\n\t<label id=\"fld_6009157Label\" for=\"fld_6009157_2\" class=\"control-label\">E-mail <span aria-hidden=\"true\" role=\"presentation\" class=\"field_required\" style=\"color:#ee0000;\">*<\/span><\/label>\r\n\t<div class=\"\">\r\n\t\t<input   required type=\"email\" data-field=\"fld_6009157\" class=\" form-control\" id=\"fld_6009157_2\" name=\"fld_6009157\" value=\"\" data-type=\"email\" aria-required=\"true\"   aria-labelledby=\"fld_6009157Label\" >\t\t\t<\/div>\r\n<\/div>\r\n<\/div><\/div><div id=\"CF6356a3515183d_2-row-3\"  class=\"row \"><div  class=\"col-sm-12  single\"><div class=\"\"><p style=\"text-align: center;\"><span style=\"font-family: laurie; font-size: x-large;\">You have a specific request or you want to be recontacted by our commercial department ?<\/h2>\n<p style=\"text-align: center;\"><span\n\n<p>Do not hesitate to ask a question or to leave a comment here.<\/p>\n<hr>\n<\/div><div data-field-wrapper=\"fld_7683514\" class=\"form-group\" id=\"fld_7683514_2-wrap\">\r\n\t<label id=\"fld_7683514Label\" for=\"fld_7683514_2\" class=\"control-label\">Comments\/questions <span aria-hidden=\"true\" role=\"presentation\" class=\"field_required\" style=\"color:#ee0000;\">*<\/span><\/label>\r\n\t<div class=\"\">\r\n\t\t<textarea name=\"fld_7683514\" value=\"\" data-field=\"fld_7683514\" class=\"form-control\" id=\"fld_7683514_2\" rows=\"7\"  required=\"required\"  aria-labelledby=\"fld_7683514Label\" ><\/textarea>\n\t\t\t<\/div>\r\n<\/div>\r\n<\/div><\/div><div id=\"CF6356a3515183d_2-row-4\"  class=\"row  last_row\"><div  class=\"col-sm-12  single\"><div data-field-wrapper=\"fld_7908577\" class=\"form-group\" id=\"fld_7908577_2-wrap\">\r\n<div class=\"\">\r\n\t<input  class=\"btn btn-default\" type=\"submit\" name=\"fld_7908577\" id=\"fld_7908577_2\" value=\"Submit\" data-field=\"fld_7908577\"  >\n<\/div>\r\n<\/div>\r\n\t<input class=\"button_trigger_2\" type=\"hidden\" name=\"fld_7908577\" id=\"fld_7908577_2_btn\" value=\"\" data-field=\"fld_7908577\"  \/>\n<\/div><\/div><\/form>\r\n<\/div>\r\n<\/p>\n","protected":false},"author":9,"featured_media":0,"parent":0,"menu_order":0,"comment_status":"closed","ping_status":"closed","template":"","meta":{"_et_pb_use_builder":"on","_et_pb_old_content":"","_et_gb_content_width":"","footnotes":""},"class_list":["post-18150","page","type-page","status-publish","hentry"],"yoast_head":"<!-- This site is optimized with the Yoast SEO plugin v27.5 - https:\/\/yoast.com\/product\/yoast-seo-wordpress\/ -->\n<title>Catalog request - Sabarot<\/title>\n<meta name=\"description\" content=\"You want to know more about our wide range of products (pulses, cereals, mushrooms, snails...), our packaging, ask our catalog for free here.\" \/>\n<meta name=\"robots\" content=\"index, follow, max-snippet:-1, max-image-preview:large, max-video-preview:-1\" \/>\n<link rel=\"canonical\" href=\"https:\/\/www.sabarot.com\/actualites-et-recettes\/en\/catalog-request\/\" \/>\n<meta property=\"og:locale\" content=\"en_US\" \/>\n<meta property=\"og:type\" content=\"article\" \/>\n<meta property=\"og:title\" content=\"Catalog request - Sabarot\" \/>\n<meta property=\"og:description\" content=\"You want to know more about our wide range of products (pulses, cereals, mushrooms, snails...), our packaging, ask our catalog for free here.\" \/>\n<meta property=\"og:url\" content=\"https:\/\/www.sabarot.com\/actualites-et-recettes\/en\/catalog-request\/\" \/>\n<meta property=\"og:site_name\" content=\"Sabarot - Des produits bons, sains, naturels\" \/>\n<meta property=\"article:publisher\" content=\"https:\/\/www.facebook.com\/sabarot.wassner\" \/>\n<meta property=\"article:modified_time\" content=\"2022-11-03T13:26:10+00:00\" \/>\n<meta name=\"twitter:label1\" content=\"Est. reading time\" \/>\n\t<meta name=\"twitter:data1\" content=\"1 minute\" \/>\n<script type=\"application\/ld+json\" class=\"yoast-schema-graph\">{\"@context\":\"https:\\\/\\\/schema.org\",\"@graph\":[{\"@type\":\"WebPage\",\"@id\":\"https:\\\/\\\/www.sabarot.com\\\/actualites-et-recettes\\\/en\\\/catalog-request\\\/\",\"url\":\"https:\\\/\\\/www.sabarot.com\\\/actualites-et-recettes\\\/en\\\/catalog-request\\\/\",\"name\":\"Catalog request - Sabarot\",\"isPartOf\":{\"@id\":\"https:\\\/\\\/www.sabarot.com\\\/actualites-et-recettes\\\/en\\\/#website\"},\"datePublished\":\"2022-10-24T14:51:55+00:00\",\"dateModified\":\"2022-11-03T13:26:10+00:00\",\"description\":\"You want to know more about our wide range of products (pulses, cereals, mushrooms, snails...), our packaging, ask our catalog for free here.\",\"breadcrumb\":{\"@id\":\"https:\\\/\\\/www.sabarot.com\\\/actualites-et-recettes\\\/en\\\/catalog-request\\\/#breadcrumb\"},\"inLanguage\":\"en-US\",\"potentialAction\":[{\"@type\":\"ReadAction\",\"target\":[\"https:\\\/\\\/www.sabarot.com\\\/actualites-et-recettes\\\/en\\\/catalog-request\\\/\"]}]},{\"@type\":\"BreadcrumbList\",\"@id\":\"https:\\\/\\\/www.sabarot.com\\\/actualites-et-recettes\\\/en\\\/catalog-request\\\/#breadcrumb\",\"itemListElement\":[{\"@type\":\"ListItem\",\"position\":1,\"name\":\"Accueil\",\"item\":\"https:\\\/\\\/www.sabarot.com\\\/actualites-et-recettes\\\/en\\\/recipes\\\/\"},{\"@type\":\"ListItem\",\"position\":2,\"name\":\"Catalog request\"}]},{\"@type\":\"WebSite\",\"@id\":\"https:\\\/\\\/www.sabarot.com\\\/actualites-et-recettes\\\/en\\\/#website\",\"url\":\"https:\\\/\\\/www.sabarot.com\\\/actualites-et-recettes\\\/en\\\/\",\"name\":\"Sabarot - Des produits bons, sains, naturels\",\"description\":\"Entreprise Sabarot, 43320 Chaspuzac. L\u00e9gumes secs, c\u00e9r\u00e9ales, escargots, champignons et fruits rouges depuis 1819.\",\"publisher\":{\"@id\":\"https:\\\/\\\/www.sabarot.com\\\/actualites-et-recettes\\\/en\\\/#organization\"},\"potentialAction\":[{\"@type\":\"SearchAction\",\"target\":{\"@type\":\"EntryPoint\",\"urlTemplate\":\"https:\\\/\\\/www.sabarot.com\\\/actualites-et-recettes\\\/en\\\/?s={search_term_string}\"},\"query-input\":{\"@type\":\"PropertyValueSpecification\",\"valueRequired\":true,\"valueName\":\"search_term_string\"}}],\"inLanguage\":\"en-US\"},{\"@type\":\"Organization\",\"@id\":\"https:\\\/\\\/www.sabarot.com\\\/actualites-et-recettes\\\/en\\\/#organization\",\"name\":\"Sabarot - Des produits bons, sains, naturels\",\"url\":\"https:\\\/\\\/www.sabarot.com\\\/actualites-et-recettes\\\/en\\\/\",\"logo\":{\"@type\":\"ImageObject\",\"inLanguage\":\"en-US\",\"@id\":\"https:\\\/\\\/www.sabarot.com\\\/actualites-et-recettes\\\/en\\\/#\\\/schema\\\/logo\\\/image\\\/\",\"url\":\"https:\\\/\\\/www.sabarot.com\\\/actualites-et-recettes\\\/wp-content\\\/uploads\\\/2019\\\/02\\\/logo.jpg\",\"contentUrl\":\"https:\\\/\\\/www.sabarot.com\\\/actualites-et-recettes\\\/wp-content\\\/uploads\\\/2019\\\/02\\\/logo.jpg\",\"width\":600,\"height\":491,\"caption\":\"Sabarot - Des produits bons, sains, naturels\"},\"image\":{\"@id\":\"https:\\\/\\\/www.sabarot.com\\\/actualites-et-recettes\\\/en\\\/#\\\/schema\\\/logo\\\/image\\\/\"},\"sameAs\":[\"https:\\\/\\\/www.facebook.com\\\/sabarot.wassner\",\"https:\\\/\\\/www.pinterest.fr\\\/sabarotwassner\",\"https:\\\/\\\/www.instagram.com\\\/sabarotwassner\",\"https:\\\/\\\/www.youtube.com\\\/channel\\\/UCT5L3Ea4b3B1PtDMtOCRtig\"]}]}<\/script>\n<!-- \/ Yoast SEO plugin. -->","yoast_head_json":{"title":"Catalog request - Sabarot","description":"You want to know more about our wide range of products (pulses, cereals, mushrooms, snails...), our packaging, ask our catalog for free here.","robots":{"index":"index","follow":"follow","max-snippet":"max-snippet:-1","max-image-preview":"max-image-preview:large","max-video-preview":"max-video-preview:-1"},"canonical":"https:\/\/www.sabarot.com\/actualites-et-recettes\/en\/catalog-request\/","og_locale":"en_US","og_type":"article","og_title":"Catalog request - Sabarot","og_description":"You want to know more about our wide range of products (pulses, cereals, mushrooms, snails...), our packaging, ask our catalog for free here.","og_url":"https:\/\/www.sabarot.com\/actualites-et-recettes\/en\/catalog-request\/","og_site_name":"Sabarot - Des produits bons, sains, naturels","article_publisher":"https:\/\/www.facebook.com\/sabarot.wassner","article_modified_time":"2022-11-03T13:26:10+00:00","twitter_misc":{"Est. reading time":"1 minute"},"schema":{"@context":"https:\/\/schema.org","@graph":[{"@type":"WebPage","@id":"https:\/\/www.sabarot.com\/actualites-et-recettes\/en\/catalog-request\/","url":"https:\/\/www.sabarot.com\/actualites-et-recettes\/en\/catalog-request\/","name":"Catalog request - Sabarot","isPartOf":{"@id":"https:\/\/www.sabarot.com\/actualites-et-recettes\/en\/#website"},"datePublished":"2022-10-24T14:51:55+00:00","dateModified":"2022-11-03T13:26:10+00:00","description":"You want to know more about our wide range of products (pulses, cereals, mushrooms, snails...), our packaging, ask our catalog for free here.","breadcrumb":{"@id":"https:\/\/www.sabarot.com\/actualites-et-recettes\/en\/catalog-request\/#breadcrumb"},"inLanguage":"en-US","potentialAction":[{"@type":"ReadAction","target":["https:\/\/www.sabarot.com\/actualites-et-recettes\/en\/catalog-request\/"]}]},{"@type":"BreadcrumbList","@id":"https:\/\/www.sabarot.com\/actualites-et-recettes\/en\/catalog-request\/#breadcrumb","itemListElement":[{"@type":"ListItem","position":1,"name":"Accueil","item":"https:\/\/www.sabarot.com\/actualites-et-recettes\/en\/recipes\/"},{"@type":"ListItem","position":2,"name":"Catalog request"}]},{"@type":"WebSite","@id":"https:\/\/www.sabarot.com\/actualites-et-recettes\/en\/#website","url":"https:\/\/www.sabarot.com\/actualites-et-recettes\/en\/","name":"Sabarot - Des produits bons, sains, naturels","description":"Entreprise Sabarot, 43320 Chaspuzac. L\u00e9gumes secs, c\u00e9r\u00e9ales, escargots, champignons et fruits rouges depuis 1819.","publisher":{"@id":"https:\/\/www.sabarot.com\/actualites-et-recettes\/en\/#organization"},"potentialAction":[{"@type":"SearchAction","target":{"@type":"EntryPoint","urlTemplate":"https:\/\/www.sabarot.com\/actualites-et-recettes\/en\/?s={search_term_string}"},"query-input":{"@type":"PropertyValueSpecification","valueRequired":true,"valueName":"search_term_string"}}],"inLanguage":"en-US"},{"@type":"Organization","@id":"https:\/\/www.sabarot.com\/actualites-et-recettes\/en\/#organization","name":"Sabarot - Des produits bons, sains, naturels","url":"https:\/\/www.sabarot.com\/actualites-et-recettes\/en\/","logo":{"@type":"ImageObject","inLanguage":"en-US","@id":"https:\/\/www.sabarot.com\/actualites-et-recettes\/en\/#\/schema\/logo\/image\/","url":"https:\/\/www.sabarot.com\/actualites-et-recettes\/wp-content\/uploads\/2019\/02\/logo.jpg","contentUrl":"https:\/\/www.sabarot.com\/actualites-et-recettes\/wp-content\/uploads\/2019\/02\/logo.jpg","width":600,"height":491,"caption":"Sabarot - Des produits bons, sains, naturels"},"image":{"@id":"https:\/\/www.sabarot.com\/actualites-et-recettes\/en\/#\/schema\/logo\/image\/"},"sameAs":["https:\/\/www.facebook.com\/sabarot.wassner","https:\/\/www.pinterest.fr\/sabarotwassner","https:\/\/www.instagram.com\/sabarotwassner","https:\/\/www.youtube.com\/channel\/UCT5L3Ea4b3B1PtDMtOCRtig"]}]}},"_links":{"self":[{"href":"https:\/\/www.sabarot.com\/actualites-et-recettes\/en\/wp-json\/wp\/v2\/pages\/18150","targetHints":{"allow":["GET"]}}],"collection":[{"href":"https:\/\/www.sabarot.com\/actualites-et-recettes\/en\/wp-json\/wp\/v2\/pages"}],"about":[{"href":"https:\/\/www.sabarot.com\/actualites-et-recettes\/en\/wp-json\/wp\/v2\/types\/page"}],"author":[{"embeddable":true,"href":"https:\/\/www.sabarot.com\/actualites-et-recettes\/en\/wp-json\/wp\/v2\/users\/9"}],"replies":[{"embeddable":true,"href":"https:\/\/www.sabarot.com\/actualites-et-recettes\/en\/wp-json\/wp\/v2\/comments?post=18150"}],"version-history":[{"count":16,"href":"https:\/\/www.sabarot.com\/actualites-et-recettes\/en\/wp-json\/wp\/v2\/pages\/18150\/revisions"}],"predecessor-version":[{"id":18246,"href":"https:\/\/www.sabarot.com\/actualites-et-recettes\/en\/wp-json\/wp\/v2\/pages\/18150\/revisions\/18246"}],"wp:attachment":[{"href":"https:\/\/www.sabarot.com\/actualites-et-recettes\/en\/wp-json\/wp\/v2\/media?parent=18150"}],"curies":[{"name":"wp","href":"https:\/\/api.w.org\/{rel}","templated":true}]}}