{"id":13092,"date":"2022-10-24T16:51:55","date_gmt":"2022-10-24T14:51:55","guid":{"rendered":"https:\/\/www.sabarot.com\/actualites-et-recettes\/?page_id=13092"},"modified":"2024-10-16T10:57:42","modified_gmt":"2024-10-16T08:57:42","slug":"demande-catalogue","status":"publish","type":"page","link":"https:\/\/www.sabarot.com\/actualites-et-recettes\/demande-catalogue\/","title":{"rendered":"Demande de catalogue"},"content":{"rendered":"<p>[et_pb_section fb_built=\u00a0\u00bb1&Prime; _builder_version=\u00a0\u00bb4.16&Prime; _module_preset=\u00a0\u00bbdefault\u00a0\u00bb background_enable_color=\u00a0\u00bboff\u00a0\u00bb global_colors_info=\u00a0\u00bb{}\u00a0\u00bb][et_pb_row column_structure=\u00a0\u00bb1_3,1_3,1_3&Prime; _builder_version=\u00a0\u00bb4.16&Prime; _module_preset=\u00a0\u00bbdefault\u00a0\u00bb global_colors_info=\u00a0\u00bb{}\u00a0\u00bb][et_pb_column type=\u00a0\u00bb1_3&Prime; _builder_version=\u00a0\u00bb4.16&Prime; _module_preset=\u00a0\u00bbdefault\u00a0\u00bb global_colors_info=\u00a0\u00bb{}\u00a0\u00bb][\/et_pb_column][et_pb_column type=\u00a0\u00bb1_3&Prime; _builder_version=\u00a0\u00bb4.16&Prime; _module_preset=\u00a0\u00bbdefault\u00a0\u00bb global_colors_info=\u00a0\u00bb{}\u00a0\u00bb][et_pb_image src=\u00a0\u00bbhttps:\/\/www.sabarot.com\/actualites-et-recettes\/wp-content\/uploads\/2024\/10\/Logo-2024-image.jpg\u00a0\u00bb _builder_version=\u00a0\u00bb4.27.2&Prime; _module_preset=\u00a0\u00bbdefault\u00a0\u00bb title_text=\u00a0\u00bbLogo 2024 image\u00a0\u00bb hover_enabled=\u00a0\u00bb0&Prime; sticky_enabled=\u00a0\u00bb0&Prime;][\/et_pb_image][\/et_pb_column][et_pb_column type=\u00a0\u00bb1_3&Prime; _builder_version=\u00a0\u00bb4.16&Prime; _module_preset=\u00a0\u00bbdefault\u00a0\u00bb global_colors_info=\u00a0\u00bb{}\u00a0\u00bb][\/et_pb_column][\/et_pb_row][et_pb_row _builder_version=\u00a0\u00bb4.16&Prime; _module_preset=\u00a0\u00bbdefault\u00a0\u00bb global_colors_info=\u00a0\u00bb{}\u00a0\u00bb][et_pb_column type=\u00a0\u00bb4_4&Prime; _builder_version=\u00a0\u00bb4.16&Prime; _module_preset=\u00a0\u00bbdefault\u00a0\u00bb global_colors_info=\u00a0\u00bb{}\u00a0\u00bb][et_pb_text _builder_version=\u00a0\u00bb4.16&Prime; _module_preset=\u00a0\u00bbdefault\u00a0\u00bb inline_fonts=\u00a0\u00bbSabarot titre\u00a0\u00bb global_colors_info=\u00a0\u00bb{}\u00a0\u00bb]<\/p>\n<h2 style=\"text-align: center;\"><span style=\"font-family: Sabarot titre; font-weight: normal; font-size: xx-large;\">Vous \u00eates un professionnel ?<\/span><\/h2>\n<p style=\"text-align: center;\">Remplissez le formulaire ci-dessous et nous vous enverrons par retour de mail, le lien de t\u00e9l\u00e9chargement de notre catalogue.<\/p>\n<p style=\"text-align: center;\">Si vous avez une demande de renseignements compl\u00e9mentaires, n\u2019h\u00e9sitez pas \u00e0 nous en faire part, notre service commercial vous recontactera dans les plus brefs d\u00e9lais.<\/p>\n<p style=\"text-align: center;\">\n<p style=\"text-align: center;\">A tr\u00e8s bient\u00f4t !<\/p>\n<p style=\"text-align: center;\">\n<p>[\/et_pb_text][et_pb_text _builder_version=\u00a0\u00bb4.16&Prime; _module_preset=\u00a0\u00bbdefault\u00a0\u00bb global_colors_info=\u00a0\u00bb{}\u00a0\u00bb]<div class=\"caldera-grid\" id=\"caldera_form_1\" data-cf-ver=\"1.9.7\" data-cf-form-id=\"CF5fa26f9ab7882\"><div id=\"caldera_notices_1\" data-spinner=\"https:\/\/www.sabarot.com\/actualites-et-recettes\/wp-admin\/images\/spinner.gif\"><\/div><form data-instance=\"1\" class=\"CF5fa26f9ab7882 caldera_forms_form cfajax-trigger\" method=\"POST\" enctype=\"multipart\/form-data\" id=\"CF5fa26f9ab7882_1\" data-form-id=\"CF5fa26f9ab7882\" aria-label=\"Demande de catalogue\" data-target=\"#caldera_notices_1\" data-template=\"#cfajax_CF5fa26f9ab7882-tmpl\" data-cfajax=\"CF5fa26f9ab7882\" data-load-element=\"_parent\" data-load-class=\"cf_processing\" data-post-disable=\"0\" data-action=\"cf_process_ajax_submit\" data-request=\"https:\/\/www.sabarot.com\/actualites-et-recettes\/cf-api\/CF5fa26f9ab7882\" data-hiderows=\"true\">\r\n<input type=\"hidden\" id=\"_cf_verify_CF5fa26f9ab7882\" name=\"_cf_verify\" value=\"062d2deb1d\"  data-nonce-time=\"1778515424\" \/><input type=\"hidden\" name=\"_wp_http_referer\" value=\"\/actualites-et-recettes\/wp-json\/wp\/v2\/pages\/13092\" \/><div id=\"cf2-CF5fa26f9ab7882_1\"><\/div><input type=\"hidden\" name=\"_cf_frm_id\" value=\"CF5fa26f9ab7882\">\r\n<input type=\"hidden\" name=\"_cf_frm_ct\" value=\"1\">\r\n<input type=\"hidden\" name=\"cfajax\" value=\"CF5fa26f9ab7882\">\r\n<input type=\"hidden\" name=\"_cf_cr_pst\" value=\"13092\">\r\n<div class=\"hide\" style=\"display:none; overflow:hidden;height:0;width:0;\">\r\n<label>Url<\/label><input type=\"text\" name=\"url\" value=\"\" autocomplete=\"off\">\r\n<\/div><div id=\"CF5fa26f9ab7882_1-row-1\"  class=\"row  first_row\"><div  class=\"col-sm-12  single\"><div class=\"\"><p style=\"text-align: center;\"><span style=\"font-family: laurie; font-size: x-large;\">Vous souhaitez conna\u00eetre notre gamme, nos conditionnements, demandez gratuitement notre catalogue ! <\/span><\/p>\n<p style=\"text-align: center;\"><span style=\"font-family: laurie; font-size: x-large;\">Laissez-nous vos coordonn\u00e9es<\/span><\/p>\n<hr>\n<\/div><\/div><\/div><div id=\"CF5fa26f9ab7882_1-row-2\"  class=\"row \"><div  class=\"col-sm-4  first_col\"><div data-field-wrapper=\"fld_8768091\" class=\"form-group\" id=\"fld_8768091_1-wrap\">\r\n\t<label id=\"fld_8768091Label\" for=\"fld_8768091_1\" class=\"control-label\">Pr\u00e9nom <span aria-hidden=\"true\" role=\"presentation\" class=\"field_required\" style=\"color:#ee0000;\">*<\/span><\/label>\r\n\t<div class=\"\">\r\n\t\t<input   required type=\"text\" data-field=\"fld_8768091\" class=\" form-control\" id=\"fld_8768091_1\" name=\"fld_8768091\" value=\"\" data-type=\"text\" aria-required=\"true\"   aria-labelledby=\"fld_8768091Label\" >\t\t\t<\/div>\r\n<\/div>\r\n<div data-field-wrapper=\"fld_9095047\" class=\"form-group\" id=\"fld_9095047_1-wrap\">\r\n\t<label id=\"fld_9095047Label\" for=\"fld_9095047_1\" class=\"control-label\">Nom de la Soci\u00e9t\u00e9<\/label>\r\n\t<div class=\"\">\r\n\t\t<input    type=\"text\" data-field=\"fld_9095047\" class=\" form-control\" id=\"fld_9095047_1\" name=\"fld_9095047\" value=\"\" data-type=\"text\"   aria-labelledby=\"fld_9095047Label\" >\t\t\t<\/div>\r\n<\/div>\r\n<\/div><div  class=\"col-sm-4 \"><div data-field-wrapper=\"fld_9970286\" class=\"form-group\" id=\"fld_9970286_1-wrap\">\r\n\t<label id=\"fld_9970286Label\" for=\"fld_9970286_1\" class=\"control-label\">Nom de famille <span aria-hidden=\"true\" role=\"presentation\" class=\"field_required\" style=\"color:#ee0000;\">*<\/span><\/label>\r\n\t<div class=\"\">\r\n\t\t<input   required type=\"text\" data-field=\"fld_9970286\" class=\" form-control\" id=\"fld_9970286_1\" name=\"fld_9970286\" value=\"\" data-type=\"text\" aria-required=\"true\"   aria-labelledby=\"fld_9970286Label\" >\t\t\t<\/div>\r\n<\/div>\r\n<\/div><div  class=\"col-sm-4  last_col\"><div data-field-wrapper=\"fld_6009157\" class=\"form-group\" id=\"fld_6009157_1-wrap\">\r\n\t<label id=\"fld_6009157Label\" for=\"fld_6009157_1\" class=\"control-label\">Adresse de messagerie <span aria-hidden=\"true\" role=\"presentation\" class=\"field_required\" style=\"color:#ee0000;\">*<\/span><\/label>\r\n\t<div class=\"\">\r\n\t\t<input   required type=\"email\" data-field=\"fld_6009157\" class=\" form-control\" id=\"fld_6009157_1\" name=\"fld_6009157\" value=\"\" data-type=\"email\" aria-required=\"true\"   aria-labelledby=\"fld_6009157Label\" >\t\t\t<\/div>\r\n<\/div>\r\n<\/div><\/div><div id=\"CF5fa26f9ab7882_1-row-3\"  class=\"row \"><div  class=\"col-sm-12  single\"><div class=\"\"><p style=\"text-align: center;\"><span style=\"font-family: laurie; font-size: x-large;\">Vous avez une demande particuli\u00e8re ou vous souhaitez \u00eatre contact\u00e9 par un de nos commerciaux ?<\/h2>\n<p style=\"text-align: center;\"><span\n\n<p>N\u2019h\u00e9sitez pas \u00e0 poser une question ou \u00e0 simplement laisser un commentaire.<\/p>\n<hr>\n<\/div><div data-field-wrapper=\"fld_7683514\" class=\"form-group\" id=\"fld_7683514_1-wrap\">\r\n\t<label id=\"fld_7683514Label\" for=\"fld_7683514_1\" class=\"control-label\">Commentaires\/questions <span aria-hidden=\"true\" role=\"presentation\" class=\"field_required\" style=\"color:#ee0000;\">*<\/span><\/label>\r\n\t<div class=\"\">\r\n\t\t<textarea name=\"fld_7683514\" value=\"\" data-field=\"fld_7683514\" class=\"form-control\" id=\"fld_7683514_1\" rows=\"7\"  required=\"required\"  aria-labelledby=\"fld_7683514Label\" ><\/textarea>\n\t\t\t<\/div>\r\n<\/div>\r\n<\/div><\/div><div id=\"CF5fa26f9ab7882_1-row-4\"  class=\"row  last_row\"><div  class=\"col-sm-12  single\"><div data-field-wrapper=\"fld_7908577\" class=\"form-group\" id=\"fld_7908577_1-wrap\">\r\n<div class=\"\">\r\n\t<input  class=\"btn btn-default\" type=\"submit\" name=\"fld_7908577\" id=\"fld_7908577_1\" value=\"Envoyer le message\" data-field=\"fld_7908577\"  >\n<\/div>\r\n<\/div>\r\n\t<input class=\"button_trigger_1\" type=\"hidden\" name=\"fld_7908577\" id=\"fld_7908577_1_btn\" value=\"\" data-field=\"fld_7908577\"  \/>\n<\/div><\/div><\/form>\r\n<\/div>\r\n[\/et_pb_text][\/et_pb_column][\/et_pb_row][\/et_pb_section]<\/p>\n","protected":false},"excerpt":{"rendered":"<p>Vous \u00eates un professionnel ? Remplissez le formulaire ci-dessous et nous vous enverrons par retour de mail, le lien de t\u00e9l\u00e9chargement de notre catalogue. Si vous avez une demande de renseignements compl\u00e9mentaires, n\u2019h\u00e9sitez pas \u00e0 nous en faire part, notre service commercial vous recontactera dans les plus brefs d\u00e9lais. A tr\u00e8s bient\u00f4t ! <div class=\"caldera-grid\" id=\"caldera_form_2\" data-cf-ver=\"1.9.7\" data-cf-form-id=\"CF5fa26f9ab7882\"><div id=\"caldera_notices_2\" data-spinner=\"https:\/\/www.sabarot.com\/actualites-et-recettes\/wp-admin\/images\/spinner.gif\"><\/div><form data-instance=\"2\" class=\"CF5fa26f9ab7882 caldera_forms_form cfajax-trigger\" method=\"POST\" enctype=\"multipart\/form-data\" id=\"CF5fa26f9ab7882_2\" data-form-id=\"CF5fa26f9ab7882\" aria-label=\"Demande de catalogue\" data-target=\"#caldera_notices_2\" data-template=\"#cfajax_CF5fa26f9ab7882-tmpl\" data-cfajax=\"CF5fa26f9ab7882\" data-load-element=\"_parent\" data-load-class=\"cf_processing\" data-post-disable=\"0\" data-action=\"cf_process_ajax_submit\" data-request=\"https:\/\/www.sabarot.com\/actualites-et-recettes\/cf-api\/CF5fa26f9ab7882\" data-hiderows=\"true\">\r\n<input type=\"hidden\" id=\"_cf_verify_CF5fa26f9ab7882\" name=\"_cf_verify\" value=\"062d2deb1d\"  data-nonce-time=\"1778515425\" \/><input type=\"hidden\" name=\"_wp_http_referer\" value=\"\/actualites-et-recettes\/wp-json\/wp\/v2\/pages\/13092\" \/><div id=\"cf2-CF5fa26f9ab7882_2\"><\/div><input type=\"hidden\" name=\"_cf_frm_id\" value=\"CF5fa26f9ab7882\">\r\n<input type=\"hidden\" name=\"_cf_frm_ct\" value=\"2\">\r\n<input type=\"hidden\" name=\"cfajax\" value=\"CF5fa26f9ab7882\">\r\n<input type=\"hidden\" name=\"_cf_cr_pst\" value=\"13092\">\r\n<div class=\"hide\" style=\"display:none; overflow:hidden;height:0;width:0;\">\r\n<label>Phone<\/label><input type=\"text\" name=\"phone\" value=\"\" autocomplete=\"off\">\r\n<\/div><div id=\"CF5fa26f9ab7882_2-row-1\"  class=\"row  first_row\"><div  class=\"col-sm-12  single\"><div class=\"\"><p style=\"text-align: center;\"><span style=\"font-family: laurie; font-size: x-large;\">Vous souhaitez conna\u00eetre notre gamme, nos conditionnements, demandez gratuitement notre catalogue ! <\/span><\/p>\n<p style=\"text-align: center;\"><span style=\"font-family: laurie; font-size: x-large;\">Laissez-nous vos coordonn\u00e9es<\/span><\/p>\n<hr>\n<\/div><\/div><\/div><div id=\"CF5fa26f9ab7882_2-row-2\"  class=\"row \"><div  class=\"col-sm-4  first_col\"><div data-field-wrapper=\"fld_8768091\" class=\"form-group\" id=\"fld_8768091_2-wrap\">\r\n\t<label id=\"fld_8768091Label\" for=\"fld_8768091_2\" class=\"control-label\">Pr\u00e9nom <span aria-hidden=\"true\" role=\"presentation\" class=\"field_required\" style=\"color:#ee0000;\">*<\/span><\/label>\r\n\t<div class=\"\">\r\n\t\t<input   required type=\"text\" data-field=\"fld_8768091\" class=\" form-control\" id=\"fld_8768091_2\" name=\"fld_8768091\" value=\"\" data-type=\"text\" aria-required=\"true\"   aria-labelledby=\"fld_8768091Label\" >\t\t\t<\/div>\r\n<\/div>\r\n<div data-field-wrapper=\"fld_9095047\" class=\"form-group\" id=\"fld_9095047_2-wrap\">\r\n\t<label id=\"fld_9095047Label\" for=\"fld_9095047_2\" class=\"control-label\">Nom de la Soci\u00e9t\u00e9<\/label>\r\n\t<div class=\"\">\r\n\t\t<input    type=\"text\" data-field=\"fld_9095047\" class=\" form-control\" id=\"fld_9095047_2\" name=\"fld_9095047\" value=\"\" data-type=\"text\"   aria-labelledby=\"fld_9095047Label\" >\t\t\t<\/div>\r\n<\/div>\r\n<\/div><div  class=\"col-sm-4 \"><div data-field-wrapper=\"fld_9970286\" class=\"form-group\" id=\"fld_9970286_2-wrap\">\r\n\t<label id=\"fld_9970286Label\" for=\"fld_9970286_2\" class=\"control-label\">Nom de famille <span aria-hidden=\"true\" role=\"presentation\" class=\"field_required\" style=\"color:#ee0000;\">*<\/span><\/label>\r\n\t<div class=\"\">\r\n\t\t<input   required type=\"text\" data-field=\"fld_9970286\" class=\" form-control\" id=\"fld_9970286_2\" name=\"fld_9970286\" value=\"\" data-type=\"text\" aria-required=\"true\"   aria-labelledby=\"fld_9970286Label\" >\t\t\t<\/div>\r\n<\/div>\r\n<\/div><div  class=\"col-sm-4  last_col\"><div data-field-wrapper=\"fld_6009157\" class=\"form-group\" id=\"fld_6009157_2-wrap\">\r\n\t<label id=\"fld_6009157Label\" for=\"fld_6009157_2\" class=\"control-label\">Adresse de messagerie <span aria-hidden=\"true\" role=\"presentation\" class=\"field_required\" style=\"color:#ee0000;\">*<\/span><\/label>\r\n\t<div class=\"\">\r\n\t\t<input   required type=\"email\" data-field=\"fld_6009157\" class=\" form-control\" id=\"fld_6009157_2\" name=\"fld_6009157\" value=\"\" data-type=\"email\" aria-required=\"true\"   aria-labelledby=\"fld_6009157Label\" >\t\t\t<\/div>\r\n<\/div>\r\n<\/div><\/div><div id=\"CF5fa26f9ab7882_2-row-3\"  class=\"row \"><div  class=\"col-sm-12  single\"><div class=\"\"><p style=\"text-align: center;\"><span style=\"font-family: laurie; font-size: x-large;\">Vous avez une demande particuli\u00e8re ou vous souhaitez \u00eatre contact\u00e9 par un de nos commerciaux ?<\/h2>\n<p style=\"text-align: center;\"><span\n\n<p>N\u2019h\u00e9sitez pas \u00e0 poser une question ou \u00e0 simplement laisser un commentaire.<\/p>\n<hr>\n<\/div><div data-field-wrapper=\"fld_7683514\" class=\"form-group\" id=\"fld_7683514_2-wrap\">\r\n\t<label id=\"fld_7683514Label\" for=\"fld_7683514_2\" class=\"control-label\">Commentaires\/questions <span aria-hidden=\"true\" role=\"presentation\" class=\"field_required\" style=\"color:#ee0000;\">*<\/span><\/label>\r\n\t<div class=\"\">\r\n\t\t<textarea name=\"fld_7683514\" value=\"\" data-field=\"fld_7683514\" class=\"form-control\" id=\"fld_7683514_2\" rows=\"7\"  required=\"required\"  aria-labelledby=\"fld_7683514Label\" ><\/textarea>\n\t\t\t<\/div>\r\n<\/div>\r\n<\/div><\/div><div id=\"CF5fa26f9ab7882_2-row-4\"  class=\"row  last_row\"><div  class=\"col-sm-12  single\"><div data-field-wrapper=\"fld_7908577\" class=\"form-group\" id=\"fld_7908577_2-wrap\">\r\n<div class=\"\">\r\n\t<input  class=\"btn btn-default\" type=\"submit\" name=\"fld_7908577\" id=\"fld_7908577_2\" value=\"Envoyer le message\" data-field=\"fld_7908577\"  >\n<\/div>\r\n<\/div>\r\n\t<input class=\"button_trigger_2\" type=\"hidden\" name=\"fld_7908577\" id=\"fld_7908577_2_btn\" value=\"\" data-field=\"fld_7908577\"  \/>\n<\/div><\/div><\/form>\r\n<\/div>\r\n<\/p>\n","protected":false},"author":3,"featured_media":0,"parent":0,"menu_order":0,"comment_status":"closed","ping_status":"closed","template":"","meta":{"_et_pb_use_builder":"on","_et_pb_old_content":"","_et_gb_content_width":"","footnotes":""},"class_list":["post-13092","page","type-page","status-publish","hentry"],"yoast_head":"<!-- This site is optimized with the Yoast SEO plugin v27.5 - https:\/\/yoast.com\/product\/yoast-seo-wordpress\/ -->\n<title>Demande de catalogue - Sabarot - Des produits bons, sains, naturels<\/title>\n<meta name=\"description\" content=\"Vous \u00eates un professionnel ? Si vous avez une demande de renseignements compl\u00e9mentaires, n\u2019h\u00e9sitez pas \u00e0 nous en faire part, notre service commercial vous recontactera dans les plus brefs d\u00e9lais.\" \/>\n<meta name=\"robots\" content=\"index, follow, max-snippet:-1, max-image-preview:large, max-video-preview:-1\" \/>\n<link rel=\"canonical\" href=\"https:\/\/www.sabarot.com\/actualites-et-recettes\/demande-catalogue\/\" \/>\n<meta property=\"og:locale\" content=\"fr_FR\" \/>\n<meta property=\"og:type\" content=\"article\" \/>\n<meta property=\"og:title\" content=\"Demande de catalogue - Sabarot - Des produits bons, sains, naturels\" \/>\n<meta property=\"og:description\" content=\"Vous \u00eates un professionnel ? Si vous avez une demande de renseignements compl\u00e9mentaires, n\u2019h\u00e9sitez pas \u00e0 nous en faire part, notre service commercial vous recontactera dans les plus brefs d\u00e9lais.\" \/>\n<meta property=\"og:url\" content=\"https:\/\/www.sabarot.com\/actualites-et-recettes\/demande-catalogue\/\" \/>\n<meta property=\"og:site_name\" content=\"Sabarot - Des produits bons, sains, naturels\" \/>\n<meta property=\"article:publisher\" content=\"https:\/\/www.facebook.com\/sabarot.wassner\" \/>\n<meta property=\"article:modified_time\" content=\"2024-10-16T08:57:42+00:00\" \/>\n<meta name=\"twitter:label1\" content=\"Dur\u00e9e de lecture estim\u00e9e\" \/>\n\t<meta name=\"twitter:data1\" content=\"1 minute\" \/>\n<script type=\"application\/ld+json\" class=\"yoast-schema-graph\">{\"@context\":\"https:\\\/\\\/schema.org\",\"@graph\":[{\"@type\":\"WebPage\",\"@id\":\"https:\\\/\\\/www.sabarot.com\\\/actualites-et-recettes\\\/demande-catalogue\\\/\",\"url\":\"https:\\\/\\\/www.sabarot.com\\\/actualites-et-recettes\\\/demande-catalogue\\\/\",\"name\":\"Demande de catalogue - Sabarot - Des produits bons, sains, naturels\",\"isPartOf\":{\"@id\":\"https:\\\/\\\/www.sabarot.com\\\/actualites-et-recettes\\\/#website\"},\"datePublished\":\"2022-10-24T14:51:55+00:00\",\"dateModified\":\"2024-10-16T08:57:42+00:00\",\"description\":\"Vous \u00eates un professionnel ? Si vous avez une demande de renseignements compl\u00e9mentaires, n\u2019h\u00e9sitez pas \u00e0 nous en faire part, notre service commercial vous recontactera dans les plus brefs d\u00e9lais.\",\"breadcrumb\":{\"@id\":\"https:\\\/\\\/www.sabarot.com\\\/actualites-et-recettes\\\/demande-catalogue\\\/#breadcrumb\"},\"inLanguage\":\"fr-FR\",\"potentialAction\":[{\"@type\":\"ReadAction\",\"target\":[\"https:\\\/\\\/www.sabarot.com\\\/actualites-et-recettes\\\/demande-catalogue\\\/\"]}]},{\"@type\":\"BreadcrumbList\",\"@id\":\"https:\\\/\\\/www.sabarot.com\\\/actualites-et-recettes\\\/demande-catalogue\\\/#breadcrumb\",\"itemListElement\":[{\"@type\":\"ListItem\",\"position\":1,\"name\":\"Accueil\",\"item\":\"https:\\\/\\\/www.sabarot.com\\\/actualites-et-recettes\\\/\"},{\"@type\":\"ListItem\",\"position\":2,\"name\":\"Demande de catalogue\"}]},{\"@type\":\"WebSite\",\"@id\":\"https:\\\/\\\/www.sabarot.com\\\/actualites-et-recettes\\\/#website\",\"url\":\"https:\\\/\\\/www.sabarot.com\\\/actualites-et-recettes\\\/\",\"name\":\"Sabarot - Des produits bons, sains, naturels\",\"description\":\"Entreprise Sabarot, 43320 Chaspuzac. L\u00e9gumes secs, c\u00e9r\u00e9ales, escargots, champignons et fruits rouges depuis 1819.\",\"publisher\":{\"@id\":\"https:\\\/\\\/www.sabarot.com\\\/actualites-et-recettes\\\/#organization\"},\"potentialAction\":[{\"@type\":\"SearchAction\",\"target\":{\"@type\":\"EntryPoint\",\"urlTemplate\":\"https:\\\/\\\/www.sabarot.com\\\/actualites-et-recettes\\\/?s={search_term_string}\"},\"query-input\":{\"@type\":\"PropertyValueSpecification\",\"valueRequired\":true,\"valueName\":\"search_term_string\"}}],\"inLanguage\":\"fr-FR\"},{\"@type\":\"Organization\",\"@id\":\"https:\\\/\\\/www.sabarot.com\\\/actualites-et-recettes\\\/#organization\",\"name\":\"Sabarot - Des produits bons, sains, naturels\",\"url\":\"https:\\\/\\\/www.sabarot.com\\\/actualites-et-recettes\\\/\",\"logo\":{\"@type\":\"ImageObject\",\"inLanguage\":\"fr-FR\",\"@id\":\"https:\\\/\\\/www.sabarot.com\\\/actualites-et-recettes\\\/#\\\/schema\\\/logo\\\/image\\\/\",\"url\":\"https:\\\/\\\/www.sabarot.com\\\/actualites-et-recettes\\\/wp-content\\\/uploads\\\/2019\\\/02\\\/logo.jpg\",\"contentUrl\":\"https:\\\/\\\/www.sabarot.com\\\/actualites-et-recettes\\\/wp-content\\\/uploads\\\/2019\\\/02\\\/logo.jpg\",\"width\":600,\"height\":491,\"caption\":\"Sabarot - Des produits bons, sains, naturels\"},\"image\":{\"@id\":\"https:\\\/\\\/www.sabarot.com\\\/actualites-et-recettes\\\/#\\\/schema\\\/logo\\\/image\\\/\"},\"sameAs\":[\"https:\\\/\\\/www.facebook.com\\\/sabarot.wassner\",\"https:\\\/\\\/www.pinterest.fr\\\/sabarotwassner\",\"https:\\\/\\\/www.instagram.com\\\/sabarotwassner\",\"https:\\\/\\\/www.youtube.com\\\/channel\\\/UCT5L3Ea4b3B1PtDMtOCRtig\"]}]}<\/script>\n<!-- \/ Yoast SEO plugin. -->","yoast_head_json":{"title":"Demande de catalogue - Sabarot - Des produits bons, sains, naturels","description":"Vous \u00eates un professionnel ? Si vous avez une demande de renseignements compl\u00e9mentaires, n\u2019h\u00e9sitez pas \u00e0 nous en faire part, notre service commercial vous recontactera dans les plus brefs d\u00e9lais.","robots":{"index":"index","follow":"follow","max-snippet":"max-snippet:-1","max-image-preview":"max-image-preview:large","max-video-preview":"max-video-preview:-1"},"canonical":"https:\/\/www.sabarot.com\/actualites-et-recettes\/demande-catalogue\/","og_locale":"fr_FR","og_type":"article","og_title":"Demande de catalogue - Sabarot - Des produits bons, sains, naturels","og_description":"Vous \u00eates un professionnel ? Si vous avez une demande de renseignements compl\u00e9mentaires, n\u2019h\u00e9sitez pas \u00e0 nous en faire part, notre service commercial vous recontactera dans les plus brefs d\u00e9lais.","og_url":"https:\/\/www.sabarot.com\/actualites-et-recettes\/demande-catalogue\/","og_site_name":"Sabarot - Des produits bons, sains, naturels","article_publisher":"https:\/\/www.facebook.com\/sabarot.wassner","article_modified_time":"2024-10-16T08:57:42+00:00","twitter_misc":{"Dur\u00e9e de lecture estim\u00e9e":"1 minute"},"schema":{"@context":"https:\/\/schema.org","@graph":[{"@type":"WebPage","@id":"https:\/\/www.sabarot.com\/actualites-et-recettes\/demande-catalogue\/","url":"https:\/\/www.sabarot.com\/actualites-et-recettes\/demande-catalogue\/","name":"Demande de catalogue - Sabarot - Des produits bons, sains, naturels","isPartOf":{"@id":"https:\/\/www.sabarot.com\/actualites-et-recettes\/#website"},"datePublished":"2022-10-24T14:51:55+00:00","dateModified":"2024-10-16T08:57:42+00:00","description":"Vous \u00eates un professionnel ? Si vous avez une demande de renseignements compl\u00e9mentaires, n\u2019h\u00e9sitez pas \u00e0 nous en faire part, notre service commercial vous recontactera dans les plus brefs d\u00e9lais.","breadcrumb":{"@id":"https:\/\/www.sabarot.com\/actualites-et-recettes\/demande-catalogue\/#breadcrumb"},"inLanguage":"fr-FR","potentialAction":[{"@type":"ReadAction","target":["https:\/\/www.sabarot.com\/actualites-et-recettes\/demande-catalogue\/"]}]},{"@type":"BreadcrumbList","@id":"https:\/\/www.sabarot.com\/actualites-et-recettes\/demande-catalogue\/#breadcrumb","itemListElement":[{"@type":"ListItem","position":1,"name":"Accueil","item":"https:\/\/www.sabarot.com\/actualites-et-recettes\/"},{"@type":"ListItem","position":2,"name":"Demande de catalogue"}]},{"@type":"WebSite","@id":"https:\/\/www.sabarot.com\/actualites-et-recettes\/#website","url":"https:\/\/www.sabarot.com\/actualites-et-recettes\/","name":"Sabarot - Des produits bons, sains, naturels","description":"Entreprise Sabarot, 43320 Chaspuzac. L\u00e9gumes secs, c\u00e9r\u00e9ales, escargots, champignons et fruits rouges depuis 1819.","publisher":{"@id":"https:\/\/www.sabarot.com\/actualites-et-recettes\/#organization"},"potentialAction":[{"@type":"SearchAction","target":{"@type":"EntryPoint","urlTemplate":"https:\/\/www.sabarot.com\/actualites-et-recettes\/?s={search_term_string}"},"query-input":{"@type":"PropertyValueSpecification","valueRequired":true,"valueName":"search_term_string"}}],"inLanguage":"fr-FR"},{"@type":"Organization","@id":"https:\/\/www.sabarot.com\/actualites-et-recettes\/#organization","name":"Sabarot - Des produits bons, sains, naturels","url":"https:\/\/www.sabarot.com\/actualites-et-recettes\/","logo":{"@type":"ImageObject","inLanguage":"fr-FR","@id":"https:\/\/www.sabarot.com\/actualites-et-recettes\/#\/schema\/logo\/image\/","url":"https:\/\/www.sabarot.com\/actualites-et-recettes\/wp-content\/uploads\/2019\/02\/logo.jpg","contentUrl":"https:\/\/www.sabarot.com\/actualites-et-recettes\/wp-content\/uploads\/2019\/02\/logo.jpg","width":600,"height":491,"caption":"Sabarot - Des produits bons, sains, naturels"},"image":{"@id":"https:\/\/www.sabarot.com\/actualites-et-recettes\/#\/schema\/logo\/image\/"},"sameAs":["https:\/\/www.facebook.com\/sabarot.wassner","https:\/\/www.pinterest.fr\/sabarotwassner","https:\/\/www.instagram.com\/sabarotwassner","https:\/\/www.youtube.com\/channel\/UCT5L3Ea4b3B1PtDMtOCRtig"]}]}},"_links":{"self":[{"href":"https:\/\/www.sabarot.com\/actualites-et-recettes\/wp-json\/wp\/v2\/pages\/13092","targetHints":{"allow":["GET"]}}],"collection":[{"href":"https:\/\/www.sabarot.com\/actualites-et-recettes\/wp-json\/wp\/v2\/pages"}],"about":[{"href":"https:\/\/www.sabarot.com\/actualites-et-recettes\/wp-json\/wp\/v2\/types\/page"}],"author":[{"embeddable":true,"href":"https:\/\/www.sabarot.com\/actualites-et-recettes\/wp-json\/wp\/v2\/users\/3"}],"replies":[{"embeddable":true,"href":"https:\/\/www.sabarot.com\/actualites-et-recettes\/wp-json\/wp\/v2\/comments?post=13092"}],"version-history":[{"count":7,"href":"https:\/\/www.sabarot.com\/actualites-et-recettes\/wp-json\/wp\/v2\/pages\/13092\/revisions"}],"predecessor-version":[{"id":25476,"href":"https:\/\/www.sabarot.com\/actualites-et-recettes\/wp-json\/wp\/v2\/pages\/13092\/revisions\/25476"}],"wp:attachment":[{"href":"https:\/\/www.sabarot.com\/actualites-et-recettes\/wp-json\/wp\/v2\/media?parent=13092"}],"curies":[{"name":"wp","href":"https:\/\/api.w.org\/{rel}","templated":true}]}}